{"id":615,"date":"2019-08-16T07:19:58","date_gmt":"2019-08-16T05:19:58","guid":{"rendered":"http:\/\/localhost\/industris\/?page_id=615"},"modified":"2023-05-06T20:02:02","modified_gmt":"2023-05-06T18:02:02","slug":"nos-services","status":"publish","type":"page","link":"https:\/\/flexpsd-engineering.com\/en\/nos-services\/","title":{"rendered":"Ours services"},"content":{"rendered":"\t\t<div data-elementor-type=\"wp-post\" data-elementor-id=\"615\" class=\"elementor elementor-615\">\n\t\t\t\t\t\t\t\t\t<section class=\"elementor-section elementor-top-section elementor-element elementor-element-72929c4a bg-alt elementor-section-boxed elementor-section-height-default elementor-section-height-default\" data-id=\"72929c4a\" data-element_type=\"section\">\n\t\t\t\t\t\t<div class=\"elementor-container elementor-column-gap-default\">\n\t\t\t\t\t<div class=\"elementor-column elementor-col-100 elementor-top-column elementor-element elementor-element-763bb49e\" data-id=\"763bb49e\" data-element_type=\"column\">\n\t\t\t<div class=\"elementor-widget-wrap elementor-element-populated\">\n\t\t\t\t\t\t\t\t<div class=\"elementor-element elementor-element-4e447a5 elementor-widget elementor-widget-iheading\" data-id=\"4e447a5\" data-element_type=\"widget\" data-widget_type=\"iheading.default\">\n\t\t\t\t<div class=\"elementor-widget-container\">\n\t\t\t\t\t<div class=\"section-head\">\n\t        \t            <h6 class=\"text-primary\">NOS SERVICES<\/h6>\n\t        \t        <h2 class=\"section-title\">Ce que nous offrons<br> <span class=\"text-primary\">FlexPSD Engineering<\/span><\/h2>\n\t        \t    <\/div>\n\t    \t\t<\/div>\n\t\t\t\t<\/div>\n\t\t\t\t<section class=\"elementor-section elementor-inner-section elementor-element elementor-element-4daa12a3 elementor-section-full_width elementor-section-height-default elementor-section-height-default\" data-id=\"4daa12a3\" data-element_type=\"section\">\n\t\t\t\t\t\t<div class=\"elementor-container elementor-column-gap-extended\">\n\t\t\t\t\t<div class=\"elementor-column elementor-col-100 elementor-inner-column elementor-element elementor-element-62d04924\" data-id=\"62d04924\" data-element_type=\"column\">\n\t\t\t<div class=\"elementor-widget-wrap elementor-element-populated\">\n\t\t\t\t\t\t\t\t<div class=\"elementor-element elementor-element-0b94774 elementor-widget elementor-widget-iservices_grid\" data-id=\"0b94774\" data-element_type=\"widget\" data-widget_type=\"iservices_grid.default\">\n\t\t\t\t<div class=\"elementor-widget-container\">\n\t\t\t\t\t<div class=\"grid-services row \">\n\t\t\t\n\t\t\t<div class=\"service-item col-md-4 col-sm-6\">\n\t\t\t\t<div class=\"relative\">\n\t                <a class=\"overlay\" href=\"https:\/\/flexpsd-engineering.com\/en\/service\/formations\/\"><\/a>\n\t                <div class=\"service-info\">\n\t                    <h4 class=\"service-name\">\n\t                    \t<a href=\"https:\/\/flexpsd-engineering.com\/en\/service\/formations\/\">Formations<\/a>\n\t                    <\/h4>\n\t                    <a class=\"btn-details\" href=\"https:\/\/flexpsd-engineering.com\/en\/service\/formations\/\">View details <i class=\"icon ion-md-add-circle-outline\"><\/i><\/a>                    <\/div>\n\t            \t<img decoding=\"async\" src=\"https:\/\/flexpsd-engineering.com\/wp-content\/uploads\/2023\/05\/service-formations-ma.jpg\" alt=\"Formations\" \/>\n\t            <\/div>\n            <\/div>\n\n\t\t\t\n\t\t\t<div class=\"service-item col-md-4 col-sm-6\">\n\t\t\t\t<div class=\"relative\">\n\t                <a class=\"overlay\" href=\"https:\/\/flexpsd-engineering.com\/en\/service\/ingenierie-industrielle\/\"><\/a>\n\t                <div class=\"service-info\">\n\t                    <h4 class=\"service-name\">\n\t                    \t<a href=\"https:\/\/flexpsd-engineering.com\/en\/service\/ingenierie-industrielle\/\">Ing\u00e9nierie Industrielle<\/a>\n\t                    <\/h4>\n\t                    <a class=\"btn-details\" href=\"https:\/\/flexpsd-engineering.com\/en\/service\/ingenierie-industrielle\/\">View details <i class=\"icon ion-md-add-circle-outline\"><\/i><\/a>                    <\/div>\n\t            \t<img decoding=\"async\" src=\"https:\/\/flexpsd-engineering.com\/wp-content\/uploads\/2019\/08\/service-Ingenierie-Industrielle-MA2.jpg\" alt=\"Ing\u00e9nierie Industrielle\" \/>\n\t            <\/div>\n            <\/div>\n\n\t\t\t\n\t\t\t<div class=\"service-item col-md-4 col-sm-6\">\n\t\t\t\t<div class=\"relative\">\n\t                <a class=\"overlay\" href=\"https:\/\/flexpsd-engineering.com\/en\/service\/industries-petrole-et-gas\/\"><\/a>\n\t                <div class=\"service-info\">\n\t                    <h4 class=\"service-name\">\n\t                    \t<a href=\"https:\/\/flexpsd-engineering.com\/en\/service\/industries-petrole-et-gas\/\">Industries P\u00e9trole et Gas<\/a>\n\t                    <\/h4>\n\t                    <a class=\"btn-details\" href=\"https:\/\/flexpsd-engineering.com\/en\/service\/industries-petrole-et-gas\/\">View details <i class=\"icon ion-md-add-circle-outline\"><\/i><\/a>                    <\/div>\n\t            \t<img decoding=\"async\" src=\"https:\/\/flexpsd-engineering.com\/wp-content\/uploads\/2019\/08\/service-Industries-Petrole-et-Gas-ma.jpg\" alt=\"Industries P\u00e9trole et Gas\" \/>\n\t            <\/div>\n            <\/div>\n\n\t\t\t\n\t\t\t<div class=\"service-item col-md-4 col-sm-6\">\n\t\t\t\t<div class=\"relative\">\n\t                <a class=\"overlay\" href=\"https:\/\/flexpsd-engineering.com\/en\/service\/fourniture-des-equipements\/\"><\/a>\n\t                <div class=\"service-info\">\n\t                    <h4 class=\"service-name\">\n\t                    \t<a href=\"https:\/\/flexpsd-engineering.com\/en\/service\/fourniture-des-equipements\/\">Fourniture des Equipements<\/a>\n\t                    <\/h4>\n\t                    <a class=\"btn-details\" href=\"https:\/\/flexpsd-engineering.com\/en\/service\/fourniture-des-equipements\/\">View details <i class=\"icon ion-md-add-circle-outline\"><\/i><\/a>                    <\/div>\n\t            \t<img decoding=\"async\" src=\"https:\/\/flexpsd-engineering.com\/wp-content\/uploads\/2019\/08\/services-fourniture-des-equipements-ma.jpg\" alt=\"Fourniture des Equipements\" \/>\n\t            <\/div>\n            <\/div>\n\n\t\t\t\n\t\t\t<div class=\"service-item col-md-4 col-sm-6\">\n\t\t\t\t<div class=\"relative\">\n\t                <a class=\"overlay\" href=\"https:\/\/flexpsd-engineering.com\/en\/service\/energies-renouvelables\/\"><\/a>\n\t                <div class=\"service-info\">\n\t                    <h4 class=\"service-name\">\n\t                    \t<a href=\"https:\/\/flexpsd-engineering.com\/en\/service\/energies-renouvelables\/\">Energies renouvelables<\/a>\n\t                    <\/h4>\n\t                    <a class=\"btn-details\" href=\"https:\/\/flexpsd-engineering.com\/en\/service\/energies-renouvelables\/\">View details <i class=\"icon ion-md-add-circle-outline\"><\/i><\/a>                    <\/div>\n\t            \t<img decoding=\"async\" src=\"https:\/\/flexpsd-engineering.com\/wp-content\/uploads\/2019\/08\/services-energies-renouvelables-ma.jpg\" alt=\"Energies renouvelables\" \/>\n\t            <\/div>\n            <\/div>\n\n\t\t\t\n\t\t\t<div class=\"service-item col-md-4 col-sm-6\">\n\t\t\t\t<div class=\"relative\">\n\t                <a class=\"overlay\" href=\"https:\/\/flexpsd-engineering.com\/en\/service\/transformation-digitale\/\"><\/a>\n\t                <div class=\"service-info\">\n\t                    <h4 class=\"service-name\">\n\t                    \t<a href=\"https:\/\/flexpsd-engineering.com\/en\/service\/transformation-digitale\/\">Transformation digitale<\/a>\n\t                    <\/h4>\n\t                    <a class=\"btn-details\" href=\"https:\/\/flexpsd-engineering.com\/en\/service\/transformation-digitale\/\">View details <i class=\"icon ion-md-add-circle-outline\"><\/i><\/a>                    <\/div>\n\t            \t<img decoding=\"async\" src=\"https:\/\/flexpsd-engineering.com\/wp-content\/uploads\/2019\/08\/service-transformation-digitale-ma-.jpg\" alt=\"Transformation digitale\" \/>\n\t            <\/div>\n            <\/div>\n\n\t\t\t\t    <\/div>\n\t    \t\t<\/div>\n\t\t\t\t<\/div>\n\t\t\t\t\t<\/div>\n\t\t<\/div>\n\t\t\t\t\t\t\t<\/div>\n\t\t<\/section>\n\t\t\t\t\t<\/div>\n\t\t<\/div>\n\t\t\t\t\t\t\t<\/div>\n\t\t<\/section>\n\t\t\t\t<section class=\"elementor-section elementor-top-section elementor-element elementor-element-6a787286 elementor-section-content-middle elementor-section-boxed elementor-section-height-default elementor-section-height-default\" data-id=\"6a787286\" data-element_type=\"section\">\n\t\t\t\t\t\t<div class=\"elementor-container elementor-column-gap-extended\">\n\t\t\t\t\t<div class=\"elementor-column elementor-col-33 elementor-top-column elementor-element elementor-element-377fdc08\" data-id=\"377fdc08\" data-element_type=\"column\">\n\t\t\t<div class=\"elementor-widget-wrap elementor-element-populated\">\n\t\t\t\t\t\t\t\t<div class=\"elementor-element elementor-element-2e3d8e9c elementor-widget elementor-widget-iheading\" data-id=\"2e3d8e9c\" data-element_type=\"widget\" data-widget_type=\"iheading.default\">\n\t\t\t\t<div class=\"elementor-widget-container\">\n\t\t\t\t\t<div class=\"section-head\">\n\t        \t            <h6 class=\"text-primary\">NOS VALEURS<\/h6>\n\t        \t        <h2 class=\"section-title\">FlexPSD <span class=\"text-primary\">Enginneering<\/span><\/h2>\n\t        \t    <\/div>\n\t    \t\t<\/div>\n\t\t\t\t<\/div>\n\t\t\t\t<div class=\"elementor-element elementor-element-17e8148b elementor-widget elementor-widget-text-editor\" data-id=\"17e8148b\" data-element_type=\"widget\" data-widget_type=\"text-editor.default\">\n\t\t\t\t<div class=\"elementor-widget-container\">\n\t\t\t<style>\/*! elementor - v3.12.2 - 23-04-2023 *\/\n.elementor-widget-text-editor.elementor-drop-cap-view-stacked .elementor-drop-cap{background-color:#69727d;color:#fff}.elementor-widget-text-editor.elementor-drop-cap-view-framed .elementor-drop-cap{color:#69727d;border:3px solid;background-color:transparent}.elementor-widget-text-editor:not(.elementor-drop-cap-view-default) .elementor-drop-cap{margin-top:8px}.elementor-widget-text-editor:not(.elementor-drop-cap-view-default) .elementor-drop-cap-letter{width:1em;height:1em}.elementor-widget-text-editor .elementor-drop-cap{float:left;text-align:center;line-height:1;font-size:50px}.elementor-widget-text-editor .elementor-drop-cap-letter{display:inline-block}<\/style>\t\t\t\t<p>Chez FlexPSD, Il y a trois principales valeurs qui guident nos activit\u00e9s\u00a0:<\/p><ul><li>L\u2019Excellence\u00a0: Nous sommes engag\u00e9s \u00e0 bien faire tout ce que nous d\u00e9livrons comme services ou solutions \u00e0 nos clients et partenaires. Nous disposons des proc\u00e9dures et standards qui nous permettent d\u2019atteindre cette excellence dans l\u2019ex\u00e9cution.<\/li><li>Le travail d\u2019\u00e9quipe\u00a0: Nous croyons fermement qu\u2019avoir une bonne \u00e9quipe dynamique avec une bonne coh\u00e9sion sans distinction d\u2019ethnies, d\u2019\u00e2ges, de races et de sexe est primordiale pour atteindre des r\u00e9sultats coh\u00e9rents et excellents.<\/li><li>R\u00e9silience\u00a0: Nous nous engageons \u00e0 atteindre nos objectives dans n\u2019importe quel environnement ou circonstance, nous prenons des initiatives, nous apprenons de nos erreurs et nous voyons chaque difficult\u00e9 comme une opportunit\u00e9. C\u2019est ce qui nous diff\u00e9rencie des autres cabinets d\u2019ing\u00e9nierie.<\/li><\/ul>\t\t\t\t\t\t<\/div>\n\t\t\t\t<\/div>\n\t\t\t\t<div class=\"elementor-element elementor-element-5a59fc9c elementor-widget elementor-widget-heading\" data-id=\"5a59fc9c\" data-element_type=\"widget\" data-widget_type=\"heading.default\">\n\t\t\t\t<div class=\"elementor-widget-container\">\n\t\t\t<style>\/*! elementor - v3.12.2 - 23-04-2023 *\/\n.elementor-heading-title{padding:0;margin:0;line-height:1}.elementor-widget-heading .elementor-heading-title[class*=elementor-size-]>a{color:inherit;font-size:inherit;line-height:inherit}.elementor-widget-heading .elementor-heading-title.elementor-size-small{font-size:15px}.elementor-widget-heading .elementor-heading-title.elementor-size-medium{font-size:19px}.elementor-widget-heading .elementor-heading-title.elementor-size-large{font-size:29px}.elementor-widget-heading .elementor-heading-title.elementor-size-xl{font-size:39px}.elementor-widget-heading .elementor-heading-title.elementor-size-xxl{font-size:59px}<\/style><h4 class=\"elementor-heading-title elementor-size-default\">Pourquoi nous ?<\/h4>\t\t<\/div>\n\t\t\t\t<\/div>\n\t\t\t\t<section class=\"elementor-section elementor-inner-section elementor-element elementor-element-549f39bc elementor-section-full_width elementor-section-height-default elementor-section-height-default\" data-id=\"549f39bc\" data-element_type=\"section\">\n\t\t\t\t\t\t<div class=\"elementor-container elementor-column-gap-extended\">\n\t\t\t\t\t<div class=\"elementor-column elementor-col-33 elementor-inner-column elementor-element elementor-element-251e970b\" data-id=\"251e970b\" data-element_type=\"column\">\n\t\t\t<div class=\"elementor-widget-wrap elementor-element-populated\">\n\t\t\t\t\t\t\t\t<div class=\"elementor-element elementor-element-1961a578 elementor-view-default elementor-widget elementor-widget-icon\" data-id=\"1961a578\" data-element_type=\"widget\" data-widget_type=\"icon.default\">\n\t\t\t\t<div class=\"elementor-widget-container\">\n\t\t\t\t\t<div class=\"elementor-icon-wrapper\">\n\t\t\t<div class=\"elementor-icon\">\n\t\t\t<i aria-hidden=\"true\" class=\"far fa-life-ring\"><\/i>\t\t\t<\/div>\n\t\t<\/div>\n\t\t\t\t<\/div>\n\t\t\t\t<\/div>\n\t\t\t\t<div class=\"elementor-element elementor-element-4679f9a8 elementor-widget elementor-widget-heading\" data-id=\"4679f9a8\" data-element_type=\"widget\" data-widget_type=\"heading.default\">\n\t\t\t\t<div class=\"elementor-widget-container\">\n\t\t\t<h6 class=\"elementor-heading-title elementor-size-default\">Support 24\/7<\/h6>\t\t<\/div>\n\t\t\t\t<\/div>\n\t\t\t\t\t<\/div>\n\t\t<\/div>\n\t\t\t\t<div class=\"elementor-column elementor-col-33 elementor-inner-column elementor-element elementor-element-788ec6a3\" data-id=\"788ec6a3\" data-element_type=\"column\">\n\t\t\t<div class=\"elementor-widget-wrap elementor-element-populated\">\n\t\t\t\t\t\t\t\t<div class=\"elementor-element elementor-element-1a959087 elementor-view-default elementor-widget elementor-widget-icon\" data-id=\"1a959087\" data-element_type=\"widget\" data-widget_type=\"icon.default\">\n\t\t\t\t<div class=\"elementor-widget-container\">\n\t\t\t\t\t<div class=\"elementor-icon-wrapper\">\n\t\t\t<div class=\"elementor-icon\">\n\t\t\t<i aria-hidden=\"true\" class=\"fas fa-hammer\"><\/i>\t\t\t<\/div>\n\t\t<\/div>\n\t\t\t\t<\/div>\n\t\t\t\t<\/div>\n\t\t\t\t<div class=\"elementor-element elementor-element-1b3a3486 elementor-widget elementor-widget-heading\" data-id=\"1b3a3486\" data-element_type=\"widget\" data-widget_type=\"heading.default\">\n\t\t\t\t<div class=\"elementor-widget-container\">\n\t\t\t<h6 class=\"elementor-heading-title elementor-size-default\">Maintenance<\/h6>\t\t<\/div>\n\t\t\t\t<\/div>\n\t\t\t\t\t<\/div>\n\t\t<\/div>\n\t\t\t\t<div class=\"elementor-column elementor-col-33 elementor-inner-column elementor-element elementor-element-4069836\" data-id=\"4069836\" data-element_type=\"column\">\n\t\t\t<div class=\"elementor-widget-wrap elementor-element-populated\">\n\t\t\t\t\t\t\t\t<div class=\"elementor-element elementor-element-3b26cbde elementor-view-default elementor-widget elementor-widget-icon\" data-id=\"3b26cbde\" data-element_type=\"widget\" data-widget_type=\"icon.default\">\n\t\t\t\t<div class=\"elementor-widget-container\">\n\t\t\t\t\t<div class=\"elementor-icon-wrapper\">\n\t\t\t<div class=\"elementor-icon\">\n\t\t\t<i aria-hidden=\"true\" class=\"fas fa-suitcase\"><\/i>\t\t\t<\/div>\n\t\t<\/div>\n\t\t\t\t<\/div>\n\t\t\t\t<\/div>\n\t\t\t\t<div class=\"elementor-element elementor-element-4d70ecb7 elementor-widget elementor-widget-heading\" data-id=\"4d70ecb7\" data-element_type=\"widget\" data-widget_type=\"heading.default\">\n\t\t\t\t<div class=\"elementor-widget-container\">\n\t\t\t<h6 class=\"elementor-heading-title elementor-size-default\">Services complets<\/h6>\t\t<\/div>\n\t\t\t\t<\/div>\n\t\t\t\t\t<\/div>\n\t\t<\/div>\n\t\t\t\t\t\t\t<\/div>\n\t\t<\/section>\n\t\t\t\t\t<\/div>\n\t\t<\/div>\n\t\t\t\t<div class=\"elementor-column elementor-col-33 elementor-top-column elementor-element elementor-element-46dfbaa0 elementor-hidden-tablet elementor-hidden-phone\" data-id=\"46dfbaa0\" data-element_type=\"column\">\n\t\t\t<div class=\"elementor-widget-wrap\">\n\t\t\t\t\t\t\t\t\t<\/div>\n\t\t<\/div>\n\t\t\t\t<div class=\"elementor-column elementor-col-33 elementor-top-column elementor-element elementor-element-7f0e0513\" data-id=\"7f0e0513\" data-element_type=\"column\">\n\t\t\t<div class=\"elementor-widget-wrap elementor-element-populated\">\n\t\t\t\t\t\t\t\t<div class=\"elementor-element elementor-element-7e48e4e5 elementor-widget elementor-widget-image\" data-id=\"7e48e4e5\" data-element_type=\"widget\" data-widget_type=\"image.default\">\n\t\t\t\t<div class=\"elementor-widget-container\">\n\t\t\t<style>\/*! elementor - v3.12.2 - 23-04-2023 *\/\n.elementor-widget-image{text-align:center}.elementor-widget-image a{display:inline-block}.elementor-widget-image a img[src$=\".svg\"]{width:48px}.elementor-widget-image img{vertical-align:middle;display:inline-block}<\/style>\t\t\t\t\t\t\t\t\t\t\t\t<img loading=\"lazy\" decoding=\"async\" width=\"750\" height=\"935\" src=\"https:\/\/flexpsd-engineering.com\/wp-content\/uploads\/2019\/08\/services-fourniture-des-equipements-ma.jpg\" class=\"attachment-full size-full wp-image-1995\" alt=\"services-fourniture-des-equipements-ma\" srcset=\"https:\/\/flexpsd-engineering.com\/wp-content\/uploads\/2019\/08\/services-fourniture-des-equipements-ma.jpg 750w, https:\/\/flexpsd-engineering.com\/wp-content\/uploads\/2019\/08\/services-fourniture-des-equipements-ma-241x300.jpg 241w, https:\/\/flexpsd-engineering.com\/wp-content\/uploads\/2019\/08\/services-fourniture-des-equipements-ma-600x748.jpg 600w\" sizes=\"auto, (max-width: 750px) 100vw, 750px\" \/>\t\t\t\t\t\t\t\t\t\t\t\t\t\t\t<\/div>\n\t\t\t\t<\/div>\n\t\t\t\t\t<\/div>\n\t\t<\/div>\n\t\t\t\t\t\t\t<\/div>\n\t\t<\/section>\n\t\t\t\t\t\t\t<\/div>\n\t\t","protected":false},"excerpt":{"rendered":"<p>NOS SERVICES Ce que nous offrons FlexPSD Engineering Formations View details Ing\u00e9nierie Industrielle View details Industries P\u00e9trole et Gas View details Fourniture des Equipements View details Energies renouvelables View details Transformation digitale View details Industrial Construction View details NOS VALEURS FlexPSD Enginneering Chez FlexPSD, Il y a trois principales valeurs qui guident nos activit\u00e9s\u00a0: L\u2019Excellence\u00a0: [&hellip;]<\/p>\n","protected":false},"author":1,"featured_media":0,"parent":0,"menu_order":0,"comment_status":"closed","ping_status":"closed","template":"","meta":{"footnotes":""},"class_list":["post-615","page","type-page","status-publish","hentry"],"_links":{"self":[{"href":"https:\/\/flexpsd-engineering.com\/en\/wp-json\/wp\/v2\/pages\/615","targetHints":{"allow":["GET"]}}],"collection":[{"href":"https:\/\/flexpsd-engineering.com\/en\/wp-json\/wp\/v2\/pages"}],"about":[{"href":"https:\/\/flexpsd-engineering.com\/en\/wp-json\/wp\/v2\/types\/page"}],"author":[{"embeddable":true,"href":"https:\/\/flexpsd-engineering.com\/en\/wp-json\/wp\/v2\/users\/1"}],"replies":[{"embeddable":true,"href":"https:\/\/flexpsd-engineering.com\/en\/wp-json\/wp\/v2\/comments?post=615"}],"version-history":[{"count":13,"href":"https:\/\/flexpsd-engineering.com\/en\/wp-json\/wp\/v2\/pages\/615\/revisions"}],"predecessor-version":[{"id":2170,"href":"https:\/\/flexpsd-engineering.com\/en\/wp-json\/wp\/v2\/pages\/615\/revisions\/2170"}],"wp:attachment":[{"href":"https:\/\/flexpsd-engineering.com\/en\/wp-json\/wp\/v2\/media?parent=615"}],"curies":[{"name":"wp","href":"https:\/\/api.w.org\/{rel}","templated":true}]}}